{"id":7653,"date":"2025-06-22T14:44:57","date_gmt":"2025-06-22T14:44:57","guid":{"rendered":"https:\/\/vidalivre.org\/residencial-lotus\/?page_id=7653"},"modified":"2025-08-06T18:16:35","modified_gmt":"2025-08-06T18:16:35","slug":"doe-agora","status":"publish","type":"page","link":"https:\/\/vidalivre.org\/residencial-lotus\/doe-agora\/","title":{"rendered":"Doe Agora"},"content":{"rendered":"\t\t<div data-elementor-type=\"wp-page\" data-elementor-id=\"7653\" class=\"elementor elementor-7653\">\n\t\t\t\t\t\t<section class=\"elementor-section elementor-top-section elementor-element elementor-element-b0f7799 elementor-section-boxed elementor-section-height-default elementor-section-height-default\" data-id=\"b0f7799\" data-element_type=\"section\" data-e-type=\"section\">\n\t\t\t\t\t\t<div class=\"elementor-container elementor-column-gap-default\">\n\t\t\t\t\t<div class=\"elementor-column elementor-col-100 elementor-top-column elementor-element elementor-element-4c20b07\" data-id=\"4c20b07\" data-element_type=\"column\" data-e-type=\"column\">\n\t\t\t<div class=\"elementor-widget-wrap elementor-element-populated\">\n\t\t\t\t\t\t<div class=\"elementor-element elementor-element-5d42ceb elementor-widget elementor-widget-modina_section_title\" data-id=\"5d42ceb\" data-element_type=\"widget\" data-e-type=\"widget\" data-widget_type=\"modina_section_title.default\">\n\t\t\t\t<div class=\"elementor-widget-container\">\n\t\t\t\t\t\r\n        <div class=\"block-contents text-start\">\r\n        <div class=\"section-title\">\r\n            <h5 class=\"text-start\">LOTUS<\/h5>\r\n            <span>Doe agora e fa\u00e7a parte dessa transforma\u00e7\u00e3o.<\/span>\r\n            <h2>Transforme Vidas <span>com um Gesto de Amor<\/span> Ajude o Residencial Lotus<\/h2>\r\n        <\/div>\r\n            <\/div>\r\n    \r\n    \t\t\t\t<\/div>\n\t\t\t\t<\/div>\n\t\t\t\t<div class=\"elementor-element elementor-element-eb50411 elementor-widget-divider--view-line elementor-widget elementor-widget-divider\" data-id=\"eb50411\" data-element_type=\"widget\" data-e-type=\"widget\" data-widget_type=\"divider.default\">\n\t\t\t\t<div class=\"elementor-widget-container\">\n\t\t\t\t\t\t\t<div class=\"elementor-divider\">\n\t\t\t<span class=\"elementor-divider-separator\">\n\t\t\t\t\t\t<\/span>\n\t\t<\/div>\n\t\t\t\t\t\t<\/div>\n\t\t\t\t<\/div>\n\t\t\t\t\t<\/div>\n\t\t<\/div>\n\t\t\t\t\t<\/div>\n\t\t<\/section>\n\t\t\t\t<section class=\"elementor-section elementor-top-section elementor-element elementor-element-99d4db7 elementor-section-boxed elementor-section-height-default elementor-section-height-default\" data-id=\"99d4db7\" data-element_type=\"section\" data-e-type=\"section\">\n\t\t\t\t\t\t<div class=\"elementor-container elementor-column-gap-default\">\n\t\t\t\t\t<div class=\"elementor-column elementor-col-50 elementor-top-column elementor-element elementor-element-f5abde5\" data-id=\"f5abde5\" data-element_type=\"column\" data-e-type=\"column\">\n\t\t\t<div class=\"elementor-widget-wrap elementor-element-populated\">\n\t\t\t\t\t\t<div class=\"elementor-element elementor-element-b986a12 elementor-widget elementor-widget-image\" data-id=\"b986a12\" data-element_type=\"widget\" data-e-type=\"widget\" data-widget_type=\"image.default\">\n\t\t\t\t<div class=\"elementor-widget-container\">\n\t\t\t\t\t\t\t\t\t\t\t\t\t\t\t<img fetchpriority=\"high\" decoding=\"async\" width=\"683\" height=\"1024\" src=\"https:\/\/vidalivre.org\/residencial-lotus\/wp-content\/uploads\/2025\/08\/residencial-lotus-doacoes-2-683x1024.png\" class=\"attachment-large size-large wp-image-8317\" alt=\"\" srcset=\"https:\/\/vidalivre.org\/residencial-lotus\/wp-content\/uploads\/2025\/08\/residencial-lotus-doacoes-2-683x1024.png 683w, https:\/\/vidalivre.org\/residencial-lotus\/wp-content\/uploads\/2025\/08\/residencial-lotus-doacoes-2-200x300.png 200w, https:\/\/vidalivre.org\/residencial-lotus\/wp-content\/uploads\/2025\/08\/residencial-lotus-doacoes-2-768x1152.png 768w, https:\/\/vidalivre.org\/residencial-lotus\/wp-content\/uploads\/2025\/08\/residencial-lotus-doacoes-2.png 1024w\" sizes=\"(max-width: 683px) 100vw, 683px\" \/>\t\t\t\t\t\t\t\t\t\t\t\t\t\t\t<\/div>\n\t\t\t\t<\/div>\n\t\t\t\t\t<\/div>\n\t\t<\/div>\n\t\t\t\t<div class=\"elementor-column elementor-col-50 elementor-top-column elementor-element elementor-element-0a8263d\" data-id=\"0a8263d\" data-element_type=\"column\" data-e-type=\"column\">\n\t\t\t<div class=\"elementor-widget-wrap elementor-element-populated\">\n\t\t\t\t\t\t<div class=\"elementor-element elementor-element-ba9798a elementor-widget elementor-widget-heading\" data-id=\"ba9798a\" data-element_type=\"widget\" data-e-type=\"widget\" data-widget_type=\"heading.default\">\n\t\t\t\t<div class=\"elementor-widget-container\">\n\t\t\t\t\t<h2 class=\"elementor-heading-title elementor-size-default\">Ajude uma Crian\u00e7a a Florescer<\/h2>\t\t\t\t<\/div>\n\t\t\t\t<\/div>\n\t\t\t\t<div class=\"elementor-element elementor-element-ec4c94e elementor-widget elementor-widget-text-editor\" data-id=\"ec4c94e\" data-element_type=\"widget\" data-e-type=\"widget\" data-widget_type=\"text-editor.default\">\n\t\t\t\t<div class=\"elementor-widget-container\">\n\t\t\t\t\t\t\t\t\t<p data-start=\"186\" data-end=\"461\">No <strong data-start=\"189\" data-end=\"218\">Residencial Flor de L\u00f3tus<\/strong>, cada crian\u00e7a acolhida carrega uma hist\u00f3ria \u00fanica, marcada por desafios, mas tamb\u00e9m por esperan\u00e7a. Aqui, oferecemos mais do que abrigo \u2014 oferecemos um lar. Um espa\u00e7o seguro, afetuoso e estruturado, onde elas podem crescer, sonhar e recome\u00e7ar.<\/p><p data-start=\"463\" data-end=\"721\">Com a dedica\u00e7\u00e3o de uma equipe capacitada e um ambiente que valoriza o cuidado, o respeito e a escuta, promovemos o desenvolvimento integral de crian\u00e7as e adolescentes em situa\u00e7\u00e3o de vulnerabilidade. Mas esse trabalho s\u00f3 \u00e9 poss\u00edvel gra\u00e7as a pessoas como voc\u00ea.<\/p><p data-start=\"723\" data-end=\"906\">Sua doa\u00e7\u00e3o n\u00e3o \u00e9 apenas um valor \u2014 \u00e9 um abra\u00e7o, um prato de comida, uma noite tranquila de sono, uma ida \u00e0 escola, uma lembran\u00e7a feliz. \u00c9 a diferen\u00e7a entre o abandono e o acolhimento.<\/p><p data-start=\"908\" data-end=\"1042\">Juntos, podemos garantir que cada crian\u00e7a flores\u00e7a com dignidade, prote\u00e7\u00e3o e afeto.<br data-start=\"991\" data-end=\"994\" \/>Porque toda inf\u00e2ncia merece ser vivida com amor.<\/p><h3 style=\"text-align: center;\" data-start=\"1044\" data-end=\"1098\"><strong data-start=\"1051\" data-end=\"1098\">Doe agora e fa\u00e7a parte dessa transforma\u00e7\u00e3o.<\/strong><\/h3>\t\t\t\t\t\t\t\t<\/div>\n\t\t\t\t<\/div>\n\t\t\t\t<div class=\"elementor-element elementor-element-a52f71f elementor-align-center elementor-widget elementor-widget-button\" data-id=\"a52f71f\" data-element_type=\"widget\" data-e-type=\"widget\" data-widget_type=\"button.default\">\n\t\t\t\t<div class=\"elementor-widget-container\">\n\t\t\t\t\t\t\t\t\t<div class=\"elementor-button-wrapper\">\n\t\t\t\t\t<a class=\"elementor-button elementor-button-link elementor-size-sm\" href=\"https:\/\/api.whatsapp.com\/send?phone=5513991847871&#038;text=Ol\u00e1%20Vim%20pelo%20site%20do%20Residencial%20Lotus%20!%20Gostaria%20de%20informa\u00e7\u00f5es%20?\">\n\t\t\t\t\t\t<span class=\"elementor-button-content-wrapper\">\n\t\t\t\t\t\t\t\t\t<span class=\"elementor-button-text\">Doa\u00e7\u00f5es<\/span>\n\t\t\t\t\t<\/span>\n\t\t\t\t\t<\/a>\n\t\t\t\t<\/div>\n\t\t\t\t\t\t\t\t<\/div>\n\t\t\t\t<\/div>\n\t\t\t\t<div class=\"elementor-element elementor-element-1cc5d21 elementor-widget elementor-widget-text-editor\" data-id=\"1cc5d21\" data-element_type=\"widget\" data-e-type=\"widget\" data-widget_type=\"text-editor.default\">\n\t\t\t\t<div class=\"elementor-widget-container\">\n\t\t\t\t\t\t\t\t\t<p data-start=\"556\" data-end=\"606\">estamos realizando uma campanha de arrecada\u00e7\u00e3o de:<\/p><ul data-start=\"607\" data-end=\"729\"><li data-start=\"607\" data-end=\"637\"><p data-start=\"609\" data-end=\"637\"><strong data-start=\"609\" data-end=\"637\">Alimentos n\u00e3o perec\u00edveis<\/strong><\/p><\/li><li data-start=\"638\" data-end=\"663\"><p data-start=\"640\" data-end=\"663\"><strong data-start=\"640\" data-end=\"663\">Roupas e cobertores<\/strong><\/p><\/li><li data-start=\"664\" data-end=\"697\"><p data-start=\"666\" data-end=\"697\"><strong data-start=\"666\" data-end=\"697\">Produtos de higiene pessoal<\/strong><\/p><\/li><li data-start=\"698\" data-end=\"729\"><p data-start=\"700\" data-end=\"729\"><strong data-start=\"700\" data-end=\"729\">Contribui\u00e7\u00f5es em dinheiro<\/strong><\/p><\/li><\/ul><p style=\"text-align: center;\"><em>Cada doa\u00e7\u00e3o \u00e9 um gesto de solidariedade que garante o cuidado di\u00e1rio com nossos acolhidos, ajuda a manter nossa estrutura e fortalece o trabalho de uma equipe<\/em> comprometida com a transforma\u00e7\u00e3o de vidas.<\/p>\t\t\t\t\t\t\t\t<\/div>\n\t\t\t\t<\/div>\n\t\t\t\t\t<\/div>\n\t\t<\/div>\n\t\t\t\t\t<\/div>\n\t\t<\/section>\n\t\t\t\t<section class=\"elementor-section elementor-top-section elementor-element elementor-element-344159f elementor-section-boxed elementor-section-height-default elementor-section-height-default\" data-id=\"344159f\" data-element_type=\"section\" data-e-type=\"section\">\n\t\t\t\t\t\t<div class=\"elementor-container elementor-column-gap-default\">\n\t\t\t\t\t<div class=\"elementor-column elementor-col-100 elementor-top-column elementor-element elementor-element-f961780\" data-id=\"f961780\" data-element_type=\"column\" data-e-type=\"column\">\n\t\t\t<div class=\"elementor-widget-wrap elementor-element-populated\">\n\t\t\t\t\t\t<div class=\"elementor-element elementor-element-ae1cc8d elementor-widget elementor-widget-spacer\" data-id=\"ae1cc8d\" data-element_type=\"widget\" data-e-type=\"widget\" data-widget_type=\"spacer.default\">\n\t\t\t\t<div class=\"elementor-widget-container\">\n\t\t\t\t\t\t\t<div class=\"elementor-spacer\">\n\t\t\t<div class=\"elementor-spacer-inner\"><\/div>\n\t\t<\/div>\n\t\t\t\t\t\t<\/div>\n\t\t\t\t<\/div>\n\t\t\t\t\t<\/div>\n\t\t<\/div>\n\t\t\t\t\t<\/div>\n\t\t<\/section>\n\t\t\t\t<section class=\"elementor-section elementor-top-section elementor-element elementor-element-637fa3e elementor-section-boxed elementor-section-height-default elementor-section-height-default\" data-id=\"637fa3e\" data-element_type=\"section\" data-e-type=\"section\">\n\t\t\t\t\t\t<div class=\"elementor-container elementor-column-gap-default\">\n\t\t\t\t\t<div class=\"elementor-column elementor-col-100 elementor-top-column elementor-element elementor-element-17a5c7d\" data-id=\"17a5c7d\" data-element_type=\"column\" data-e-type=\"column\">\n\t\t\t<div class=\"elementor-widget-wrap elementor-element-populated\">\n\t\t\t\t\t\t<div class=\"elementor-element elementor-element-4ad6556 elementor-widget elementor-widget-modina_section_title\" data-id=\"4ad6556\" data-element_type=\"widget\" data-e-type=\"widget\" data-widget_type=\"modina_section_title.default\">\n\t\t\t\t<div class=\"elementor-widget-container\">\n\t\t\t\t\t\r\n        <div class=\"block-contents text-start\">\r\n        <div class=\"section-title\">\r\n            <h5 class=\"text-start\">LOTUS<\/h5>\r\n            <span>Doe agora e fa\u00e7a parte dessa transforma\u00e7\u00e3o.<\/span>\r\n            <h2>Como voc\u00ea <span>Pode Ajudar doando.<\/span><\/h2>\r\n        <\/div>\r\n            <\/div>\r\n    \r\n    \t\t\t\t<\/div>\n\t\t\t\t<\/div>\n\t\t\t\t\t<\/div>\n\t\t<\/div>\n\t\t\t\t\t<\/div>\n\t\t<\/section>\n\t\t\t\t<section class=\"elementor-section elementor-top-section elementor-element elementor-element-85236d2 elementor-section-boxed elementor-section-height-default elementor-section-height-default\" data-id=\"85236d2\" data-element_type=\"section\" data-e-type=\"section\">\n\t\t\t\t\t\t<div class=\"elementor-container elementor-column-gap-default\">\n\t\t\t\t\t<div class=\"elementor-column elementor-col-33 elementor-top-column elementor-element elementor-element-266f797\" data-id=\"266f797\" data-element_type=\"column\" data-e-type=\"column\">\n\t\t\t<div class=\"elementor-widget-wrap elementor-element-populated\">\n\t\t\t\t\t\t<div class=\"elementor-element elementor-element-f76ffa2 elementor-widget elementor-widget-text-editor\" data-id=\"f76ffa2\" data-element_type=\"widget\" data-e-type=\"widget\" data-widget_type=\"text-editor.default\">\n\t\t\t\t<div class=\"elementor-widget-container\">\n\t\t\t\t\t\t\t\t\t<p style=\"text-align: left;\"><span class=\"OYPEnA font-feature-liga-off font-feature-clig-off font-feature-calt-off text-decoration-none text-strikethrough-none\">criativaacaoderessocializacao@gmail.com<\/span><\/p>\t\t\t\t\t\t\t\t<\/div>\n\t\t\t\t<\/div>\n\t\t\t\t\t<\/div>\n\t\t<\/div>\n\t\t\t\t<div class=\"elementor-column elementor-col-33 elementor-top-column elementor-element elementor-element-3764146\" data-id=\"3764146\" data-element_type=\"column\" data-e-type=\"column\">\n\t\t\t<div class=\"elementor-widget-wrap elementor-element-populated\">\n\t\t\t\t\t\t<div class=\"elementor-element elementor-element-603e619 elementor-widget elementor-widget-text-editor\" data-id=\"603e619\" data-element_type=\"widget\" data-e-type=\"widget\" data-widget_type=\"text-editor.default\">\n\t\t\t\t<div class=\"elementor-widget-container\">\n\t\t\t\t\t\t\t\t\t<p class=\"cvGsUA direction-ltr align-start para-style-body\"><span class=\"OYPEnA font-feature-liga-off font-feature-clig-off font-feature-calt-off text-decoration-none text-strikethrough-none\">ORA SCFI &#8211; 403<\/span><\/p><p class=\"cvGsUA direction-ltr align-start para-style-body\"><span class=\"OYPEnA font-feature-liga-off font-feature-clig-off font-feature-calt-off text-decoration-none text-strikethrough-none\">AG\u00caNCIA 0001 &#8211; CONTA 5235329 -1<\/span><\/p><p class=\"cvGsUA direction-ltr align-start para-style-body\"><span class=\"OYPEnA font-feature-liga-off font-feature-clig-off font-feature-calt-off text-decoration-none text-strikethrough-none\">CNPJ 06.021.402\/0002-30<\/span><\/p>\t\t\t\t\t\t\t\t<\/div>\n\t\t\t\t<\/div>\n\t\t\t\t\t<\/div>\n\t\t<\/div>\n\t\t\t\t<div class=\"elementor-column elementor-col-33 elementor-top-column elementor-element elementor-element-47bf158\" data-id=\"47bf158\" data-element_type=\"column\" data-e-type=\"column\">\n\t\t\t<div class=\"elementor-widget-wrap elementor-element-populated\">\n\t\t\t\t\t\t<div class=\"elementor-element elementor-element-a2232a3 elementor-widget elementor-widget-text-editor\" data-id=\"a2232a3\" data-element_type=\"widget\" data-e-type=\"widget\" data-widget_type=\"text-editor.default\">\n\t\t\t\t<div class=\"elementor-widget-container\">\n\t\t\t\t\t\t\t\t\t<p class=\"cvGsUA direction-ltr align-start para-style-body\"><span class=\"OYPEnA font-feature-liga-off font-feature-clig-off font-feature-calt-off text-decoration-none text-strikethrough-none\">RUA LAS VEGAS<\/span><\/p><p class=\"cvGsUA direction-ltr align-start para-style-body\"><span class=\"OYPEnA font-feature-liga-off font-feature-clig-off font-feature-calt-off text-decoration-none text-strikethrough-none\">N\u00ba 670 &#8211; BAIRRO: UMUARAMA<\/span><\/p><p class=\"cvGsUA direction-ltr align-start para-style-body\"><span class=\"OYPEnA font-feature-liga-off font-feature-clig-off font-feature-calt-off text-decoration-none text-strikethrough-none\">ITANHA\u00c9M (SP)<\/span><\/p><p class=\"cvGsUA direction-ltr align-start para-style-body\"><span class=\"OYPEnA font-feature-liga-off font-feature-clig-off font-feature-calt-off text-decoration-none text-strikethrough-none\">CEP:<\/span><\/p>\t\t\t\t\t\t\t\t<\/div>\n\t\t\t\t<\/div>\n\t\t\t\t\t<\/div>\n\t\t<\/div>\n\t\t\t\t\t<\/div>\n\t\t<\/section>\n\t\t\t\t<section class=\"elementor-section elementor-top-section elementor-element elementor-element-b624903 elementor-section-boxed elementor-section-height-default elementor-section-height-default\" data-id=\"b624903\" data-element_type=\"section\" data-e-type=\"section\">\n\t\t\t\t\t\t<div class=\"elementor-container elementor-column-gap-default\">\n\t\t\t\t\t<div class=\"elementor-column elementor-col-100 elementor-top-column elementor-element elementor-element-bc4acd5\" data-id=\"bc4acd5\" data-element_type=\"column\" data-e-type=\"column\">\n\t\t\t<div class=\"elementor-widget-wrap elementor-element-populated\">\n\t\t\t\t\t\t<div class=\"elementor-element elementor-element-80d31fa elementor-button-success elementor-align-center elementor-widget elementor-widget-button\" data-id=\"80d31fa\" data-element_type=\"widget\" data-e-type=\"widget\" data-widget_type=\"button.default\">\n\t\t\t\t<div class=\"elementor-widget-container\">\n\t\t\t\t\t\t\t\t\t<div class=\"elementor-button-wrapper\">\n\t\t\t\t\t<a class=\"elementor-button elementor-button-link elementor-size-sm\" href=\"https:\/\/api.whatsapp.com\/send?phone=5513991847871&#038;text=Ol\u00e1%20Vim%20pelo%20site%20do%20Residencial%20Lotus%20!%20Gostaria%20de%20informa\u00e7\u00f5es%20?\">\n\t\t\t\t\t\t<span class=\"elementor-button-content-wrapper\">\n\t\t\t\t\t\t\t\t\t<span class=\"elementor-button-text\">Fale com Conosco<\/span>\n\t\t\t\t\t<\/span>\n\t\t\t\t\t<\/a>\n\t\t\t\t<\/div>\n\t\t\t\t\t\t\t\t<\/div>\n\t\t\t\t<\/div>\n\t\t\t\t\t<\/div>\n\t\t<\/div>\n\t\t\t\t\t<\/div>\n\t\t<\/section>\n\t\t\t\t<section class=\"elementor-section elementor-top-section elementor-element elementor-element-9a0df2f elementor-section-boxed elementor-section-height-default elementor-section-height-default\" data-id=\"9a0df2f\" data-element_type=\"section\" data-e-type=\"section\">\n\t\t\t\t\t\t<div class=\"elementor-container elementor-column-gap-default\">\n\t\t\t\t\t<div class=\"elementor-column elementor-col-100 elementor-top-column elementor-element elementor-element-1b1f384\" data-id=\"1b1f384\" data-element_type=\"column\" data-e-type=\"column\">\n\t\t\t<div class=\"elementor-widget-wrap elementor-element-populated\">\n\t\t\t\t\t\t<div class=\"elementor-element elementor-element-66bd014 elementor-widget elementor-widget-image\" data-id=\"66bd014\" data-element_type=\"widget\" data-e-type=\"widget\" data-widget_type=\"image.default\">\n\t\t\t\t<div class=\"elementor-widget-container\">\n\t\t\t\t\t\t\t\t\t\t\t\t\t\t\t<img decoding=\"async\" width=\"1024\" height=\"576\" src=\"https:\/\/vidalivre.org\/residencial-lotus\/wp-content\/uploads\/2025\/08\/doacoes-lotus-1024x576.jpg\" class=\"attachment-large size-large wp-image-8322\" alt=\"\" srcset=\"https:\/\/vidalivre.org\/residencial-lotus\/wp-content\/uploads\/2025\/08\/doacoes-lotus-1024x576.jpg 1024w, https:\/\/vidalivre.org\/residencial-lotus\/wp-content\/uploads\/2025\/08\/doacoes-lotus-300x169.jpg 300w, https:\/\/vidalivre.org\/residencial-lotus\/wp-content\/uploads\/2025\/08\/doacoes-lotus-768x432.jpg 768w, https:\/\/vidalivre.org\/residencial-lotus\/wp-content\/uploads\/2025\/08\/doacoes-lotus-1536x864.jpg 1536w, https:\/\/vidalivre.org\/residencial-lotus\/wp-content\/uploads\/2025\/08\/doacoes-lotus-820x461.jpg 820w, https:\/\/vidalivre.org\/residencial-lotus\/wp-content\/uploads\/2025\/08\/doacoes-lotus-1170x658.jpg 1170w, https:\/\/vidalivre.org\/residencial-lotus\/wp-content\/uploads\/2025\/08\/doacoes-lotus-177x100.jpg 177w, https:\/\/vidalivre.org\/residencial-lotus\/wp-content\/uploads\/2025\/08\/doacoes-lotus.jpg 1920w\" sizes=\"(max-width: 1024px) 100vw, 1024px\" \/>\t\t\t\t\t\t\t\t\t\t\t\t\t\t\t<\/div>\n\t\t\t\t<\/div>\n\t\t\t\t\t<\/div>\n\t\t<\/div>\n\t\t\t\t\t<\/div>\n\t\t<\/section>\n\t\t\t\t<\/div>\n\t\t","protected":false},"excerpt":{"rendered":"<p>LOTUS Doe agora e fa\u00e7a parte dessa transforma\u00e7\u00e3o. Transforme Vidas com um Gesto de Amor Ajude o Residencial Lotus Ajude uma Crian\u00e7a a Florescer No Residencial Flor de L\u00f3tus, cada crian\u00e7a acolhida carrega uma hist\u00f3ria \u00fanica, marcada por desafios, mas tamb\u00e9m por esperan\u00e7a. Aqui, oferecemos mais do que abrigo \u2014 oferecemos um lar. Um espa\u00e7o [&hellip;]<\/p>\n","protected":false},"author":1,"featured_media":0,"parent":0,"menu_order":0,"comment_status":"closed","ping_status":"closed","template":"","meta":{"give_campaign_id":0,"_joinchat":[],"footnotes":""},"class_list":["post-7653","page","type-page","status-publish","hentry"],"acf":[],"campaignId":"","_links":{"self":[{"href":"https:\/\/vidalivre.org\/residencial-lotus\/wp-json\/wp\/v2\/pages\/7653","targetHints":{"allow":["GET"]}}],"collection":[{"href":"https:\/\/vidalivre.org\/residencial-lotus\/wp-json\/wp\/v2\/pages"}],"about":[{"href":"https:\/\/vidalivre.org\/residencial-lotus\/wp-json\/wp\/v2\/types\/page"}],"author":[{"embeddable":true,"href":"https:\/\/vidalivre.org\/residencial-lotus\/wp-json\/wp\/v2\/users\/1"}],"replies":[{"embeddable":true,"href":"https:\/\/vidalivre.org\/residencial-lotus\/wp-json\/wp\/v2\/comments?post=7653"}],"version-history":[{"count":34,"href":"https:\/\/vidalivre.org\/residencial-lotus\/wp-json\/wp\/v2\/pages\/7653\/revisions"}],"predecessor-version":[{"id":8340,"href":"https:\/\/vidalivre.org\/residencial-lotus\/wp-json\/wp\/v2\/pages\/7653\/revisions\/8340"}],"wp:attachment":[{"href":"https:\/\/vidalivre.org\/residencial-lotus\/wp-json\/wp\/v2\/media?parent=7653"}],"curies":[{"name":"wp","href":"https:\/\/api.w.org\/{rel}","templated":true}]}}